{"id":122,"date":"2021-11-19T17:30:00","date_gmt":"2021-11-19T17:30:00","guid":{"rendered":"http:\/\/aptsd.pt\/?page_id=122"},"modified":"2021-12-08T00:45:16","modified_gmt":"2021-12-08T00:45:16","slug":"noticias-documentos","status":"publish","type":"page","link":"https:\/\/aptsd.pt\/?page_id=122","title":{"rendered":"Not\u00edcias \/ Documentos"},"content":{"rendered":"<ul class=\"wp-block-latest-posts__list has-dates has-author wp-block-latest-posts\"><li><a class=\"wp-block-latest-posts__post-title\" href=\"https:\/\/aptsd.pt\/?p=342\">Exames 2024<\/a><div class=\"wp-block-latest-posts__post-author\">por aptsd<\/div><time datetime=\"2024-09-21T19:05:47+01:00\" class=\"wp-block-latest-posts__post-date\">21\/09\/2024<\/time><div class=\"wp-block-latest-posts__post-excerpt\">Foram marcadas as datas dos pr\u00f3ximos exames de progress\u00e3o de cinto. M\u00caS DIA LOCAL OUTUBRO 2024 19 (S\u00e1bado) Caldas da Rainha 25 (6\u00aa feira) Lisboa <a class=\"mh-excerpt-more\" href=\"https:\/\/aptsd.pt\/?p=342\" title=\"Exames 2024\">[&#8230;]<\/a><\/div><\/li>\n<li><div class=\"wp-block-latest-posts__featured-image alignleft\"><a href=\"https:\/\/aptsd.pt\/?p=318\" aria-label=\"Campeonato Nacional de Tang Soo Do\"><img loading=\"lazy\" decoding=\"async\" width=\"150\" height=\"150\" src=\"https:\/\/aptsd.pt\/wp-content\/uploads\/2019\/11\/logo-150x150.jpg\" class=\"attachment-thumbnail size-thumbnail wp-post-image\" alt=\"\" style=\"\" srcset=\"https:\/\/aptsd.pt\/wp-content\/uploads\/2019\/11\/logo-150x150.jpg 150w, https:\/\/aptsd.pt\/wp-content\/uploads\/2019\/11\/logo-300x300.jpg 300w, https:\/\/aptsd.pt\/wp-content\/uploads\/2019\/11\/logo-1024x1024.jpg 1024w, https:\/\/aptsd.pt\/wp-content\/uploads\/2019\/11\/logo-768x768.jpg 768w, https:\/\/aptsd.pt\/wp-content\/uploads\/2019\/11\/logo.jpg 1089w\" sizes=\"auto, (max-width: 150px) 100vw, 150px\" \/><\/a><\/div><a class=\"wp-block-latest-posts__post-title\" href=\"https:\/\/aptsd.pt\/?p=318\">Campeonato Nacional de Tang Soo Do<\/a><div class=\"wp-block-latest-posts__post-author\">por aptsd<\/div><time datetime=\"2022-10-30T14:04:46+00:00\" class=\"wp-block-latest-posts__post-date\">30\/10\/2022<\/time><div class=\"wp-block-latest-posts__post-excerpt\">12 de Novembro de 2022 Pavilh\u00e3o Rainha D. Leonor &#8211; Caldas da Rainha R. Vitorino Fr\u00f3is 37<\/div><\/li>\n<li><div class=\"wp-block-latest-posts__featured-image alignleft\"><a href=\"https:\/\/aptsd.pt\/?p=299\" aria-label=\"Exames da Escola de Lisboa\"><img loading=\"lazy\" decoding=\"async\" width=\"150\" height=\"150\" src=\"https:\/\/aptsd.pt\/wp-content\/uploads\/2019\/11\/27355790_10156236589739642_7349440123027211230_o-150x150.jpg\" class=\"attachment-thumbnail size-thumbnail wp-post-image\" alt=\"\" style=\"\" \/><\/a><\/div><a class=\"wp-block-latest-posts__post-title\" href=\"https:\/\/aptsd.pt\/?p=299\">Exames da Escola de Lisboa<\/a><div class=\"wp-block-latest-posts__post-author\">por aptsd<\/div><time datetime=\"2022-02-22T21:07:34+00:00\" class=\"wp-block-latest-posts__post-date\">22\/02\/2022<\/time><div class=\"wp-block-latest-posts__post-excerpt\">Fevereiro de 2022<\/div><\/li>\n<li><div class=\"wp-block-latest-posts__featured-image alignleft\"><a href=\"https:\/\/aptsd.pt\/?p=280\" aria-label=\"A Import\u00e2ncia do &#8220;DO&#8221; no &#8220;Tang Soo Do&#8221;\"><img loading=\"lazy\" decoding=\"async\" width=\"150\" height=\"150\" src=\"https:\/\/aptsd.pt\/wp-content\/uploads\/2022\/02\/1280px-Dao-character.svg_-150x150.png\" class=\"attachment-thumbnail size-thumbnail wp-post-image\" alt=\"\" style=\"\" \/><\/a><\/div><a class=\"wp-block-latest-posts__post-title\" href=\"https:\/\/aptsd.pt\/?p=280\">A Import\u00e2ncia do &#8220;DO&#8221; no &#8220;Tang Soo Do&#8221;<\/a><div class=\"wp-block-latest-posts__post-author\">por Cristina Ferreira da Costa<\/div><time datetime=\"2022-02-22T20:21:09+00:00\" class=\"wp-block-latest-posts__post-date\">22\/02\/2022<\/time><div class=\"wp-block-latest-posts__post-excerpt\">Uma arte marcial incute valores de respeito, disciplina, considera\u00e7\u00e3o pelo pr\u00f3ximo e esp\u00edrito de equipa.Desde muito cedo que todos os praticantes aprendem a controlar os <a class=\"mh-excerpt-more\" href=\"https:\/\/aptsd.pt\/?p=280\" title=\"A Import\u00e2ncia do &#8220;DO&#8221; no &#8220;Tang Soo Do&#8221;\">[&#8230;]<\/a><\/div><\/li>\n<li><div class=\"wp-block-latest-posts__featured-image alignleft\"><a href=\"https:\/\/aptsd.pt\/?p=278\" aria-label=\"Um cinto negro n\u00e3o \u00e9 mais que um cinto branco que nunca desistiu\"><img loading=\"lazy\" decoding=\"async\" width=\"150\" height=\"150\" src=\"https:\/\/aptsd.pt\/wp-content\/uploads\/2022\/02\/blackbelt-150x150.jpg\" class=\"attachment-thumbnail size-thumbnail wp-post-image\" alt=\"\" style=\"\" \/><\/a><\/div><a class=\"wp-block-latest-posts__post-title\" href=\"https:\/\/aptsd.pt\/?p=278\">Um cinto negro n\u00e3o \u00e9 mais que um cinto branco que nunca desistiu<\/a><div class=\"wp-block-latest-posts__post-author\">por Cristina Ferreira da Costa<\/div><time datetime=\"2022-02-22T20:13:17+00:00\" class=\"wp-block-latest-posts__post-date\">22\/02\/2022<\/time><div class=\"wp-block-latest-posts__post-excerpt\">\u201cUm cinto negro n\u00e3o \u00e9 mais que um cinto branco que nunca desistiu\u201d e porqu\u00ea?Porque \u00e9 algu\u00e9m que conseguiu, perante adversidades e obst\u00e1culos (todos temos) <a class=\"mh-excerpt-more\" href=\"https:\/\/aptsd.pt\/?p=278\" title=\"Um cinto negro n\u00e3o \u00e9 mais que um cinto branco que nunca desistiu\">[&#8230;]<\/a><\/div><\/li>\n<li><div class=\"wp-block-latest-posts__featured-image alignleft\"><a href=\"https:\/\/aptsd.pt\/?p=245\" aria-label=\"ITF European Tang Soo Do Championship \u2013 Alemanha 2022\"><img loading=\"lazy\" decoding=\"async\" width=\"150\" height=\"150\" src=\"https:\/\/aptsd.pt\/wp-content\/uploads\/2021\/12\/262756072_10220688708435453_6015695806257606613_n-150x150.jpg\" class=\"attachment-thumbnail size-thumbnail wp-post-image\" alt=\"\" style=\"\" \/><\/a><\/div><a class=\"wp-block-latest-posts__post-title\" href=\"https:\/\/aptsd.pt\/?p=245\">ITF European Tang Soo Do Championship \u2013 Alemanha 2022<\/a><div class=\"wp-block-latest-posts__post-author\">por aptsd<\/div><time datetime=\"2021-12-01T01:45:11+00:00\" class=\"wp-block-latest-posts__post-date\">01\/12\/2021<\/time><div class=\"wp-block-latest-posts__post-excerpt\">Ir\u00e1 realizar-se em Beilstein, Alemanha. Dias 22-24 de Julho de 2022<\/div><\/li>\n<li><div class=\"wp-block-latest-posts__featured-image alignleft\"><a href=\"https:\/\/aptsd.pt\/?p=179\" aria-label=\"Manual de Estudo do Tang Soo DO\"><img loading=\"lazy\" decoding=\"async\" width=\"150\" height=\"150\" src=\"https:\/\/aptsd.pt\/wp-content\/uploads\/2019\/11\/ITF-8-x-10-300dpi-Collage-150x150.jpg\" class=\"attachment-thumbnail size-thumbnail wp-post-image\" alt=\"\" style=\"\" \/><\/a><\/div><a class=\"wp-block-latest-posts__post-title\" href=\"https:\/\/aptsd.pt\/?p=179\">Manual de Estudo do Tang Soo DO<\/a><div class=\"wp-block-latest-posts__post-author\">por aptsd<\/div><time datetime=\"2021-11-19T20:54:13+00:00\" class=\"wp-block-latest-posts__post-date\">19\/11\/2021<\/time><div class=\"wp-block-latest-posts__post-excerpt\"><\/div><\/li>\n<li><div class=\"wp-block-latest-posts__featured-image alignleft\"><a href=\"https:\/\/aptsd.pt\/?p=173\" aria-label=\"Choong Jae Nim Chun Sik Kim\"><img loading=\"lazy\" decoding=\"async\" width=\"150\" height=\"150\" src=\"https:\/\/aptsd.pt\/wp-content\/uploads\/2021\/11\/choong5copy-150x150.jpg\" class=\"attachment-thumbnail size-thumbnail wp-post-image\" alt=\"\" style=\"\" \/><\/a><\/div><a class=\"wp-block-latest-posts__post-title\" href=\"https:\/\/aptsd.pt\/?p=173\">Choong Jae Nim Chun Sik Kim<\/a><div class=\"wp-block-latest-posts__post-author\">por aptsd<\/div><time datetime=\"2021-11-19T20:05:10+00:00\" class=\"wp-block-latest-posts__post-date\">19\/11\/2021<\/time><div class=\"wp-block-latest-posts__post-excerpt\">President \/ Founder International Tang Soo Do Federation Dan No 915 cited from Tang Soo Do Uk Master Chun Sik Kim is the President and <a class=\"mh-excerpt-more\" href=\"https:\/\/aptsd.pt\/?p=173\" title=\"Choong Jae Nim Chun Sik Kim\">[&#8230;]<\/a><\/div><\/li>\n<li><div class=\"wp-block-latest-posts__featured-image alignleft\"><a href=\"https:\/\/aptsd.pt\/?p=140\" aria-label=\"Como dobrar o Dubok (fato)\"><img loading=\"lazy\" decoding=\"async\" width=\"150\" height=\"150\" src=\"https:\/\/aptsd.pt\/wp-content\/uploads\/2019\/11\/21728203_1745537872140935_5379864533014835630_n-150x150.jpg\" class=\"attachment-thumbnail size-thumbnail wp-post-image\" alt=\"\" style=\"\" \/><\/a><\/div><a class=\"wp-block-latest-posts__post-title\" href=\"https:\/\/aptsd.pt\/?p=140\">Como dobrar o Dubok (fato)<\/a><div class=\"wp-block-latest-posts__post-author\">por aptsd<\/div><time datetime=\"2021-11-19T18:22:09+00:00\" class=\"wp-block-latest-posts__post-date\">19\/11\/2021<\/time><div class=\"wp-block-latest-posts__post-excerpt\"><\/div><\/li>\n<li><div class=\"wp-block-latest-posts__featured-image alignleft\"><a href=\"https:\/\/aptsd.pt\/?p=133\" aria-label=\"Escolas\"><img loading=\"lazy\" decoding=\"async\" width=\"150\" height=\"150\" src=\"https:\/\/aptsd.pt\/wp-content\/uploads\/2019\/11\/cropped-logo-1-150x150.jpg\" class=\"attachment-thumbnail size-thumbnail wp-post-image\" alt=\"\" style=\"\" srcset=\"https:\/\/aptsd.pt\/wp-content\/uploads\/2019\/11\/cropped-logo-1-150x150.jpg 150w, https:\/\/aptsd.pt\/wp-content\/uploads\/2019\/11\/cropped-logo-1-300x300.jpg 300w, https:\/\/aptsd.pt\/wp-content\/uploads\/2019\/11\/cropped-logo-1.jpg 512w, https:\/\/aptsd.pt\/wp-content\/uploads\/2019\/11\/cropped-logo-1-270x270.jpg 270w, https:\/\/aptsd.pt\/wp-content\/uploads\/2019\/11\/cropped-logo-1-192x192.jpg 192w, https:\/\/aptsd.pt\/wp-content\/uploads\/2019\/11\/cropped-logo-1-180x180.jpg 180w, https:\/\/aptsd.pt\/wp-content\/uploads\/2019\/11\/cropped-logo-1-32x32.jpg 32w\" sizes=\"auto, (max-width: 150px) 100vw, 150px\" \/><\/a><\/div><a class=\"wp-block-latest-posts__post-title\" href=\"https:\/\/aptsd.pt\/?p=133\">Escolas<\/a><div class=\"wp-block-latest-posts__post-author\">por aptsd<\/div><time datetime=\"2021-11-19T18:05:52+00:00\" class=\"wp-block-latest-posts__post-date\">19\/11\/2021<\/time><div class=\"wp-block-latest-posts__post-excerpt\">A Associa\u00e7\u00e3o Portuguesa de Tang Soo Do disp\u00f5e actualmente de 2 escolas:<\/div><\/li>\n<li><div class=\"wp-block-latest-posts__featured-image alignleft\"><a href=\"https:\/\/aptsd.pt\/?p=96\" aria-label=\"ITF European Tang Soo Do Championship &#8211; Pa\u00eds de Gales 2019\"><img loading=\"lazy\" decoding=\"async\" width=\"150\" height=\"150\" src=\"https:\/\/aptsd.pt\/wp-content\/uploads\/2019\/11\/67451980_10214854566505551_7134868644995006464_n-150x150.jpg\" class=\"attachment-thumbnail size-thumbnail wp-post-image\" alt=\"\" style=\"\" \/><\/a><\/div><a class=\"wp-block-latest-posts__post-title\" href=\"https:\/\/aptsd.pt\/?p=96\">ITF European Tang Soo Do Championship &#8211; Pa\u00eds de Gales 2019<\/a><div class=\"wp-block-latest-posts__post-author\">por aptsd<\/div><time datetime=\"2019-11-18T16:56:34+00:00\" class=\"wp-block-latest-posts__post-date\">18\/11\/2019<\/time><div class=\"wp-block-latest-posts__post-excerpt\">Chegados a Portugal, com as medalhas orgulhosamente expostas. Uma boa presta\u00e7\u00e3o dos nossos TangSooDokas!<\/div><\/li>\n<li><div class=\"wp-block-latest-posts__featured-image alignleft\"><a href=\"https:\/\/aptsd.pt\/?p=237\" aria-label=\"ITF European Tang Soo Do Championship &#8211; Portugal 2017\"><img loading=\"lazy\" decoding=\"async\" width=\"150\" height=\"150\" src=\"https:\/\/aptsd.pt\/wp-content\/uploads\/2021\/12\/16938996_10208597448801519_7451678691435727121_n-e1638322150214-150x150.jpg\" class=\"attachment-thumbnail size-thumbnail wp-post-image\" alt=\"\" style=\"\" \/><\/a><\/div><a class=\"wp-block-latest-posts__post-title\" href=\"https:\/\/aptsd.pt\/?p=237\">ITF European Tang Soo Do Championship &#8211; Portugal 2017<\/a><div class=\"wp-block-latest-posts__post-author\">por aptsd<\/div><time datetime=\"2017-02-24T01:26:29+00:00\" class=\"wp-block-latest-posts__post-date\">24\/02\/2017<\/time><div class=\"wp-block-latest-posts__post-excerpt\"><\/div><\/li>\n<li><div class=\"wp-block-latest-posts__featured-image alignleft\"><a href=\"https:\/\/aptsd.pt\/?p=188\" aria-label=\"ITF &#8211; 13th World Championship &#8211; PORTUGAL 2014\"><img loading=\"lazy\" decoding=\"async\" width=\"150\" height=\"150\" src=\"https:\/\/aptsd.pt\/wp-content\/uploads\/2021\/11\/10431294_551961814907751_8452723991101432429_o-150x150.jpg\" class=\"attachment-thumbnail size-thumbnail wp-post-image\" alt=\"\" style=\"\" \/><\/a><\/div><a class=\"wp-block-latest-posts__post-title\" href=\"https:\/\/aptsd.pt\/?p=188\">ITF &#8211; 13th World Championship &#8211; PORTUGAL 2014<\/a><div class=\"wp-block-latest-posts__post-author\">por aptsd<\/div><time datetime=\"2014-11-18T21:24:41+00:00\" class=\"wp-block-latest-posts__post-date\">18\/11\/2014<\/time><div class=\"wp-block-latest-posts__post-excerpt\">Portugal 2014<\/div><\/li>\n<\/ul>\n\n\n<p class=\"has-drop-cap\"><\/p>\n","protected":false},"excerpt":{"rendered":"<div class=\"mh-excerpt\"><\/div>","protected":false},"author":1,"featured_media":43,"parent":0,"menu_order":0,"comment_status":"closed","ping_status":"closed","template":"","meta":{"footnotes":""},"class_list":["post-122","page","type-page","status-publish","has-post-thumbnail","hentry"],"_links":{"self":[{"href":"https:\/\/aptsd.pt\/index.php?rest_route=\/wp\/v2\/pages\/122","targetHints":{"allow":["GET"]}}],"collection":[{"href":"https:\/\/aptsd.pt\/index.php?rest_route=\/wp\/v2\/pages"}],"about":[{"href":"https:\/\/aptsd.pt\/index.php?rest_route=\/wp\/v2\/types\/page"}],"author":[{"embeddable":true,"href":"https:\/\/aptsd.pt\/index.php?rest_route=\/wp\/v2\/users\/1"}],"replies":[{"embeddable":true,"href":"https:\/\/aptsd.pt\/index.php?rest_route=%2Fwp%2Fv2%2Fcomments&post=122"}],"version-history":[{"count":5,"href":"https:\/\/aptsd.pt\/index.php?rest_route=\/wp\/v2\/pages\/122\/revisions"}],"predecessor-version":[{"id":193,"href":"https:\/\/aptsd.pt\/index.php?rest_route=\/wp\/v2\/pages\/122\/revisions\/193"}],"wp:featuredmedia":[{"embeddable":true,"href":"https:\/\/aptsd.pt\/index.php?rest_route=\/wp\/v2\/media\/43"}],"wp:attachment":[{"href":"https:\/\/aptsd.pt\/index.php?rest_route=%2Fwp%2Fv2%2Fmedia&parent=122"}],"curies":[{"name":"wp","href":"https:\/\/api.w.org\/{rel}","templated":true}]}}