{"id":143,"date":"2021-11-19T18:26:20","date_gmt":"2021-11-19T18:26:20","guid":{"rendered":"http:\/\/aptsd.pt\/?page_id=143"},"modified":"2021-12-07T00:55:41","modified_gmt":"2021-12-07T00:55:41","slug":"escolas","status":"publish","type":"page","link":"https:\/\/aptsd.pt\/?page_id=143","title":{"rendered":"Escolas"},"content":{"rendered":"\n<p>A Associa\u00e7\u00e3o Portuguesa de Tang Soo Do disp\u00f5e actualmente de 2 escolas:<\/p>\n\n\n\n<div class=\"wp-block-columns is-layout-flex wp-container-core-columns-is-layout-9d6595d7 wp-block-columns-is-layout-flex\">\n<div class=\"wp-block-column is-vertically-aligned-center is-layout-flow wp-block-column-is-layout-flow\" style=\"flex-basis:100%\">\n<h2 class=\"wp-block-heading\">Lisboa<\/h2>\n\n\n\n<div class=\"wp-block-image is-style-default\"><figure class=\"alignleft size-full\"><img loading=\"lazy\" decoding=\"async\" width=\"960\" height=\"716\" src=\"http:\/\/aptsd.pt\/wp-content\/uploads\/2021\/11\/15326418_10207971379870187_4056020589797217458_n.jpg\" alt=\"\" class=\"wp-image-197\" srcset=\"https:\/\/aptsd.pt\/wp-content\/uploads\/2021\/11\/15326418_10207971379870187_4056020589797217458_n.jpg 960w, https:\/\/aptsd.pt\/wp-content\/uploads\/2021\/11\/15326418_10207971379870187_4056020589797217458_n-300x224.jpg 300w, https:\/\/aptsd.pt\/wp-content\/uploads\/2021\/11\/15326418_10207971379870187_4056020589797217458_n-768x573.jpg 768w, https:\/\/aptsd.pt\/wp-content\/uploads\/2021\/11\/15326418_10207971379870187_4056020589797217458_n-80x60.jpg 80w\" sizes=\"auto, (max-width: 960px) 100vw, 960px\" \/><figcaption>Sauda\u00e7\u00e3o \u00e0s bandeiras, no in\u00edcio da aula<br><br><strong>Instrutores:<br><\/strong>     &#8211; Sa Bom Nim (Mestre) Cristina Costa (912 628 286)<br>     &#8211; Kyo Sa Nim (Prof.) Jorge Costa<br>     &#8211; Kyo Sa Nim (Prof.) Daniel Costa<\/figcaption><\/figure><\/div>\n\n\n\n<p><\/p>\n<\/div>\n\n\n\n<div class=\"wp-block-column is-vertically-aligned-center is-layout-flow wp-block-column-is-layout-flow\" style=\"flex-basis:100%\"><p><iframe src=\"https:\/\/www.google.com\/maps\/embed?pb=!1m18!1m12!1m3!1d3110.1829598096315!2d-9.156168883787194!3d38.782439879588544!2m3!1f0!2f0!3f0!3m2!1i1024!2i768!4f13.1!3m3!1m2!1s0xd19328f453ddfd9%3A0x2d1979c4881b4e88!2sSports%20complex%20Moniz%20Pereira!5e0!3m2!1sen!2spt!4v1638837542138!5m2!1sen!2spt\" width=\"400\" height=\"300\" style=\"border:0;\" allowfullscreen=\"\" loading=\"lazy\"><\/iframe><\/p>\n\n\n\n<h3 class=\"wp-block-heading\">Morada:<\/h3>\n\n\n\n<p>Pista de Atletismo Municipal Professor Moniz Pereira, R. Jo\u00e3o Amaral (junto ao Eixo N-S &#8211; Sa\u00edda: Ameixoeira)<\/p>\n<\/div>\n<\/div>\n\n\n\n<h2 class=\"wp-block-heading\"><font style=\"vertical-align: inherit;\"><font style=\"vertical-align: inherit;\">Caldas da Rainha<\/font><\/font><\/h2>\n\n\n\n<div class=\"wp-block-columns is-layout-flex wp-container-core-columns-is-layout-9d6595d7 wp-block-columns-is-layout-flex\">\n<div class=\"wp-block-column is-layout-flow wp-block-column-is-layout-flow\" style=\"flex-basis:50%\">\n<div class=\"wp-block-image is-style-default\"><figure class=\"alignleft size-large\"><img loading=\"lazy\" decoding=\"async\" width=\"1024\" height=\"683\" src=\"http:\/\/aptsd.pt\/wp-content\/uploads\/2021\/11\/16179034_1487852177909507_7109368926949089938_o-1024x683.jpg\" alt=\"\" class=\"wp-image-195\" srcset=\"https:\/\/aptsd.pt\/wp-content\/uploads\/2021\/11\/16179034_1487852177909507_7109368926949089938_o-1024x683.jpg 1024w, https:\/\/aptsd.pt\/wp-content\/uploads\/2021\/11\/16179034_1487852177909507_7109368926949089938_o-300x200.jpg 300w, https:\/\/aptsd.pt\/wp-content\/uploads\/2021\/11\/16179034_1487852177909507_7109368926949089938_o-768x512.jpg 768w, https:\/\/aptsd.pt\/wp-content\/uploads\/2021\/11\/16179034_1487852177909507_7109368926949089938_o.jpg 1080w\" sizes=\"auto, (max-width: 1024px) 100vw, 1024px\" \/><figcaption><font style=\"vertical-align: inherit;\"><font style=\"vertical-align: inherit;\">Demonstration of breaking boards in Caldas da Rainha<\/font><\/font><\/figcaption><\/figure><\/div>\n\n\n\n<p><strong>Instrutores:<\/strong><\/p>\n\n\n\n<p>&#8211; Kyo Sa Nim (Prof.) Manuel Costa (965 283 602)<br>&#8211; Kyo Sa Nim (Prof.) Rui Barbosa<\/p>\n\n\n\n<div class=\"wp-block-columns is-layout-flex wp-container-core-columns-is-layout-9d6595d7 wp-block-columns-is-layout-flex\">\n<div class=\"wp-block-column is-layout-flow wp-block-column-is-layout-flow\" style=\"flex-basis:100%\"><\/div>\n<\/div>\n<\/div>\n\n\n\n<div class=\"wp-block-column is-layout-flow wp-block-column-is-layout-flow\" style=\"flex-basis:50%\"><p><iframe src=\"https:\/\/www.google.com\/maps\/embed?pb=!1m18!1m12!1m3!1d1090.0203318858735!2d-9.137104899446639!3d39.4005315622294!2m3!1f0!2f0!3f0!3m2!1i1024!2i768!4f13.1!3m3!1m2!1s0xd18b3a3799a859f%3A0xad3d638ee1d7c0e6!2sR.%20Amadeu%20de%20Sousa%20Cardoso%206B%2C%20Caldas%20da%20Rainha!5e0!3m2!1sen!2spt!4v1638837038672!5m2!1sen!2spt\" width=\"400\" height=\"300\" style=\"border:0;\" allowfullscreen=\"\" loading=\"lazy\"><\/iframe><\/p>\n\n\n\n<h3 class=\"wp-block-heading\"> Morada: <\/h3>\n\n\n\n<p>R. Amadeu de Sousa Cardoso 6-B, Caldas da Rainha<\/p>\n<\/div>\n<\/div>\n","protected":false},"excerpt":{"rendered":"<div class=\"mh-excerpt\"><p>A Associa\u00e7\u00e3o Portuguesa de Tang Soo Do disp\u00f5e actualmente de 2 escolas: Lisboa Morada: Pista de Atletismo Municipal Professor Moniz Pereira, R. Jo\u00e3o Amaral (junto <a class=\"mh-excerpt-more\" href=\"https:\/\/aptsd.pt\/?page_id=143\" title=\"Escolas\">[&#8230;]<\/a><\/p>\n<\/div>","protected":false},"author":1,"featured_media":0,"parent":0,"menu_order":0,"comment_status":"closed","ping_status":"closed","template":"","meta":{"footnotes":""},"class_list":["post-143","page","type-page","status-publish","hentry"],"_links":{"self":[{"href":"https:\/\/aptsd.pt\/index.php?rest_route=\/wp\/v2\/pages\/143","targetHints":{"allow":["GET"]}}],"collection":[{"href":"https:\/\/aptsd.pt\/index.php?rest_route=\/wp\/v2\/pages"}],"about":[{"href":"https:\/\/aptsd.pt\/index.php?rest_route=\/wp\/v2\/types\/page"}],"author":[{"embeddable":true,"href":"https:\/\/aptsd.pt\/index.php?rest_route=\/wp\/v2\/users\/1"}],"replies":[{"embeddable":true,"href":"https:\/\/aptsd.pt\/index.php?rest_route=%2Fwp%2Fv2%2Fcomments&post=143"}],"version-history":[{"count":13,"href":"https:\/\/aptsd.pt\/index.php?rest_route=\/wp\/v2\/pages\/143\/revisions"}],"predecessor-version":[{"id":261,"href":"https:\/\/aptsd.pt\/index.php?rest_route=\/wp\/v2\/pages\/143\/revisions\/261"}],"wp:attachment":[{"href":"https:\/\/aptsd.pt\/index.php?rest_route=%2Fwp%2Fv2%2Fmedia&parent=143"}],"curies":[{"name":"wp","href":"https:\/\/api.w.org\/{rel}","templated":true}]}}