{"id":163,"date":"2021-11-19T19:22:11","date_gmt":"2021-11-19T19:22:11","guid":{"rendered":"http:\/\/aptsd.pt\/?page_id=163"},"modified":"2021-11-29T01:54:28","modified_gmt":"2021-11-29T01:54:28","slug":"galeria","status":"publish","type":"page","link":"https:\/\/aptsd.pt\/?page_id=163","title":{"rendered":"Galeria"},"content":{"rendered":"\n<figure class=\"wp-block-gallery columns-4 is-cropped wp-block-gallery-1 is-layout-flex wp-block-gallery-is-layout-flex\"><ul class=\"blocks-gallery-grid\"><li class=\"blocks-gallery-item\"><figure><a href=\"http:\/\/aptsd.pt\/?attachment_id=232\"><img loading=\"lazy\" decoding=\"async\" width=\"150\" height=\"150\" src=\"http:\/\/aptsd.pt\/wp-content\/uploads\/2021\/11\/TangSooDo-venha-experimentar-150x150.jpg\" alt=\"\" data-id=\"232\" data-full-url=\"http:\/\/aptsd.pt\/wp-content\/uploads\/2021\/11\/TangSooDo-venha-experimentar-scaled.jpg\" data-link=\"http:\/\/aptsd.pt\/?attachment_id=232\" class=\"wp-image-232\"\/><\/a><figcaption class=\"blocks-gallery-item__caption\">Venha experimentar o Tang Soo Do<\/figcaption><\/figure><\/li><li class=\"blocks-gallery-item\"><figure><a href=\"http:\/\/aptsd.pt\/?attachment_id=197\"><img loading=\"lazy\" decoding=\"async\" width=\"150\" height=\"150\" src=\"http:\/\/aptsd.pt\/wp-content\/uploads\/2021\/11\/15326418_10207971379870187_4056020589797217458_n-150x150.jpg\" alt=\"\" data-id=\"197\" data-full-url=\"http:\/\/aptsd.pt\/wp-content\/uploads\/2021\/11\/15326418_10207971379870187_4056020589797217458_n.jpg\" data-link=\"http:\/\/aptsd.pt\/?attachment_id=197\" class=\"wp-image-197\"\/><\/a><figcaption class=\"blocks-gallery-item__caption\">Lisboa<\/figcaption><\/figure><\/li><li class=\"blocks-gallery-item\"><figure><a href=\"http:\/\/aptsd.pt\/?attachment_id=195\"><img loading=\"lazy\" decoding=\"async\" width=\"150\" height=\"150\" src=\"http:\/\/aptsd.pt\/wp-content\/uploads\/2021\/11\/16179034_1487852177909507_7109368926949089938_o-150x150.jpg\" alt=\"\" data-id=\"195\" data-full-url=\"http:\/\/aptsd.pt\/wp-content\/uploads\/2021\/11\/16179034_1487852177909507_7109368926949089938_o.jpg\" data-link=\"http:\/\/aptsd.pt\/?attachment_id=195\" class=\"wp-image-195\"\/><\/a><figcaption class=\"blocks-gallery-item__caption\">Caldas da Rainha<\/figcaption><\/figure><\/li><li class=\"blocks-gallery-item\"><figure><a href=\"http:\/\/aptsd.pt\/?attachment_id=189\"><img loading=\"lazy\" decoding=\"async\" width=\"150\" height=\"150\" src=\"http:\/\/aptsd.pt\/wp-content\/uploads\/2021\/11\/10431294_551961814907751_8452723991101432429_o-150x150.jpg\" alt=\"\" data-id=\"189\" data-full-url=\"http:\/\/aptsd.pt\/wp-content\/uploads\/2021\/11\/10431294_551961814907751_8452723991101432429_o.jpg\" data-link=\"http:\/\/aptsd.pt\/?attachment_id=189\" class=\"wp-image-189\"\/><\/a><figcaption class=\"blocks-gallery-item__caption\">Campeonato Mundial 2014<\/figcaption><\/figure><\/li><li class=\"blocks-gallery-item\"><figure><a href=\"http:\/\/aptsd.pt\/?attachment_id=186\"><img loading=\"lazy\" decoding=\"async\" width=\"150\" height=\"150\" src=\"http:\/\/aptsd.pt\/wp-content\/uploads\/2021\/11\/38431132_10212433924031002_1263077945346359296_n-1-150x150.jpg\" alt=\"\" data-id=\"186\" data-full-url=\"http:\/\/aptsd.pt\/wp-content\/uploads\/2021\/11\/38431132_10212433924031002_1263077945346359296_n-1.jpg\" data-link=\"http:\/\/aptsd.pt\/?attachment_id=186\" class=\"wp-image-186\"\/><\/a><figcaption class=\"blocks-gallery-item__caption\">Sa Bom Nim Annette Salles, Choong Jae Nim Chun Sik Kim e Sa Bom Nim Cristina Costa<\/figcaption><\/figure><\/li><li class=\"blocks-gallery-item\"><figure><a href=\"http:\/\/aptsd.pt\/?attachment_id=182\"><img loading=\"lazy\" decoding=\"async\" width=\"150\" height=\"150\" src=\"http:\/\/aptsd.pt\/wp-content\/uploads\/2021\/11\/DD168025-150x150.jpg\" alt=\"\" data-id=\"182\" data-full-url=\"http:\/\/aptsd.pt\/wp-content\/uploads\/2021\/11\/DD168025-scaled.jpg\" data-link=\"http:\/\/aptsd.pt\/?attachment_id=182\" class=\"wp-image-182\"\/><\/a><figcaption class=\"blocks-gallery-item__caption\">Campeonato Europeu em Cardiff &#8211; 2012<\/figcaption><\/figure><\/li><li class=\"blocks-gallery-item\"><figure><a href=\"http:\/\/aptsd.pt\/?attachment_id=177\"><img loading=\"lazy\" decoding=\"async\" width=\"150\" height=\"150\" src=\"http:\/\/aptsd.pt\/wp-content\/uploads\/2021\/11\/choong5copy-150x150.jpg\" alt=\"\" data-id=\"177\" data-full-url=\"http:\/\/aptsd.pt\/wp-content\/uploads\/2021\/11\/choong5copy.jpg\" data-link=\"http:\/\/aptsd.pt\/?attachment_id=177\" class=\"wp-image-177\"\/><\/a><figcaption class=\"blocks-gallery-item__caption\">Choong Jae Nim Chun Sik Kim<\/figcaption><\/figure><\/li><li class=\"blocks-gallery-item\"><figure><a href=\"http:\/\/aptsd.pt\/?attachment_id=138\"><img loading=\"lazy\" decoding=\"async\" width=\"150\" height=\"150\" src=\"http:\/\/aptsd.pt\/wp-content\/uploads\/2021\/11\/hpim48001-edited-150x150.jpg\" alt=\"\" data-id=\"138\" data-full-url=\"http:\/\/aptsd.pt\/wp-content\/uploads\/2021\/11\/hpim48001-edited-scaled.jpg\" data-link=\"http:\/\/aptsd.pt\/?attachment_id=138\" class=\"wp-image-138\"\/><\/a><figcaption class=\"blocks-gallery-item__caption\">Gin\u00e1sio 3<\/figcaption><\/figure><\/li><li class=\"blocks-gallery-item\"><figure><a href=\"http:\/\/aptsd.pt\/?attachment_id=89\"><img loading=\"lazy\" decoding=\"async\" width=\"150\" height=\"150\" src=\"http:\/\/aptsd.pt\/wp-content\/uploads\/2019\/11\/65911205_10157377744747402_4584955078279954432_n-150x150.jpg\" alt=\"\" data-id=\"89\" data-full-url=\"http:\/\/aptsd.pt\/wp-content\/uploads\/2019\/11\/65911205_10157377744747402_4584955078279954432_n.jpg\" data-link=\"http:\/\/aptsd.pt\/?attachment_id=89\" class=\"wp-image-89\"\/><\/a><\/figure><\/li><li class=\"blocks-gallery-item\"><figure><a href=\"http:\/\/aptsd.pt\/?attachment_id=90\"><img loading=\"lazy\" decoding=\"async\" width=\"150\" height=\"150\" src=\"http:\/\/aptsd.pt\/wp-content\/uploads\/2019\/11\/67451980_10214854566505551_7134868644995006464_n-150x150.jpg\" alt=\"\" data-id=\"90\" data-full-url=\"http:\/\/aptsd.pt\/wp-content\/uploads\/2019\/11\/67451980_10214854566505551_7134868644995006464_n.jpg\" data-link=\"http:\/\/aptsd.pt\/?attachment_id=90\" class=\"wp-image-90\"\/><\/a><\/figure><\/li><li class=\"blocks-gallery-item\"><figure><a href=\"http:\/\/aptsd.pt\/?attachment_id=88\"><img loading=\"lazy\" decoding=\"async\" width=\"150\" height=\"150\" src=\"http:\/\/aptsd.pt\/wp-content\/uploads\/2019\/11\/38272572_10212433895150280_6786224928145276928_o-150x150.jpg\" alt=\"\" data-id=\"88\" data-full-url=\"http:\/\/aptsd.pt\/wp-content\/uploads\/2019\/11\/38272572_10212433895150280_6786224928145276928_o.jpg\" data-link=\"http:\/\/aptsd.pt\/?attachment_id=88\" class=\"wp-image-88\"\/><\/a><\/figure><\/li><li class=\"blocks-gallery-item\"><figure><a href=\"http:\/\/aptsd.pt\/?attachment_id=86\"><img loading=\"lazy\" decoding=\"async\" width=\"150\" height=\"150\" src=\"http:\/\/aptsd.pt\/wp-content\/uploads\/2019\/11\/27459002_1577679518974523_3175203483969573864_n-150x150.jpg\" alt=\"\" data-id=\"86\" data-full-url=\"http:\/\/aptsd.pt\/wp-content\/uploads\/2019\/11\/27459002_1577679518974523_3175203483969573864_n.jpg\" data-link=\"http:\/\/aptsd.pt\/?attachment_id=86\" class=\"wp-image-86\" srcset=\"https:\/\/aptsd.pt\/wp-content\/uploads\/2019\/11\/27459002_1577679518974523_3175203483969573864_n-150x150.jpg 150w, https:\/\/aptsd.pt\/wp-content\/uploads\/2019\/11\/27459002_1577679518974523_3175203483969573864_n-300x300.jpg 300w, https:\/\/aptsd.pt\/wp-content\/uploads\/2019\/11\/27459002_1577679518974523_3175203483969573864_n.jpg 720w\" sizes=\"auto, (max-width: 150px) 100vw, 150px\" \/><\/a><\/figure><\/li><li class=\"blocks-gallery-item\"><figure><a href=\"http:\/\/aptsd.pt\/?attachment_id=87\"><img loading=\"lazy\" decoding=\"async\" width=\"150\" height=\"150\" src=\"http:\/\/aptsd.pt\/wp-content\/uploads\/2019\/11\/36439475_188059585375882_8925228253413638144_n-150x150.jpg\" alt=\"\" data-id=\"87\" data-full-url=\"http:\/\/aptsd.pt\/wp-content\/uploads\/2019\/11\/36439475_188059585375882_8925228253413638144_n.jpg\" data-link=\"http:\/\/aptsd.pt\/?attachment_id=87\" class=\"wp-image-87\"\/><\/a><\/figure><\/li><li class=\"blocks-gallery-item\"><figure><a href=\"http:\/\/aptsd.pt\/?attachment_id=84\"><img loading=\"lazy\" decoding=\"async\" width=\"150\" height=\"150\" src=\"http:\/\/aptsd.pt\/wp-content\/uploads\/2019\/11\/21728203_1745537872140935_5379864533014835630_n-150x150.jpg\" alt=\"\" data-id=\"84\" data-full-url=\"http:\/\/aptsd.pt\/wp-content\/uploads\/2019\/11\/21728203_1745537872140935_5379864533014835630_n.jpg\" data-link=\"http:\/\/aptsd.pt\/?attachment_id=84\" class=\"wp-image-84\"\/><\/a><\/figure><\/li><li class=\"blocks-gallery-item\"><figure><a href=\"http:\/\/aptsd.pt\/?attachment_id=83\"><img loading=\"lazy\" decoding=\"async\" width=\"150\" height=\"150\" src=\"http:\/\/aptsd.pt\/wp-content\/uploads\/2019\/11\/21742804_1745536772141045_2712378591481935678_n-150x150.jpg\" alt=\"\" data-id=\"83\" data-full-url=\"http:\/\/aptsd.pt\/wp-content\/uploads\/2019\/11\/21742804_1745536772141045_2712378591481935678_n.jpg\" data-link=\"http:\/\/aptsd.pt\/?attachment_id=83\" class=\"wp-image-83\"\/><\/a><\/figure><\/li><li class=\"blocks-gallery-item\"><figure><a href=\"http:\/\/aptsd.pt\/?attachment_id=85\"><img loading=\"lazy\" decoding=\"async\" width=\"150\" height=\"150\" src=\"http:\/\/aptsd.pt\/wp-content\/uploads\/2019\/11\/27355790_10156236589739642_7349440123027211230_o-150x150.jpg\" alt=\"\" data-id=\"85\" data-full-url=\"http:\/\/aptsd.pt\/wp-content\/uploads\/2019\/11\/27355790_10156236589739642_7349440123027211230_o.jpg\" data-link=\"http:\/\/aptsd.pt\/?attachment_id=85\" class=\"wp-image-85\"\/><\/a><\/figure><\/li><li class=\"blocks-gallery-item\"><figure><a href=\"http:\/\/aptsd.pt\/?attachment_id=40\"><img loading=\"lazy\" decoding=\"async\" width=\"150\" height=\"150\" src=\"http:\/\/aptsd.pt\/wp-content\/uploads\/2019\/11\/logo-de-natal-150x150.jpg\" alt=\"\" data-id=\"40\" data-full-url=\"http:\/\/aptsd.pt\/wp-content\/uploads\/2019\/11\/logo-de-natal.jpg\" data-link=\"http:\/\/aptsd.pt\/?attachment_id=40\" class=\"wp-image-40\" srcset=\"https:\/\/aptsd.pt\/wp-content\/uploads\/2019\/11\/logo-de-natal-150x150.jpg 150w, https:\/\/aptsd.pt\/wp-content\/uploads\/2019\/11\/logo-de-natal-300x300.jpg 300w, https:\/\/aptsd.pt\/wp-content\/uploads\/2019\/11\/logo-de-natal-1024x1024.jpg 1024w, https:\/\/aptsd.pt\/wp-content\/uploads\/2019\/11\/logo-de-natal-768x768.jpg 768w, https:\/\/aptsd.pt\/wp-content\/uploads\/2019\/11\/logo-de-natal.jpg 1089w\" sizes=\"auto, (max-width: 150px) 100vw, 150px\" \/><\/a><\/figure><\/li><li class=\"blocks-gallery-item\"><figure><a href=\"http:\/\/aptsd.pt\/?attachment_id=49\"><img loading=\"lazy\" decoding=\"async\" width=\"150\" height=\"150\" src=\"http:\/\/aptsd.pt\/wp-content\/uploads\/2019\/11\/SaBomNim-Cristina-Costa-150x150.jpg\" alt=\"\" data-id=\"49\" data-full-url=\"http:\/\/aptsd.pt\/wp-content\/uploads\/2019\/11\/SaBomNim-Cristina-Costa.jpg\" data-link=\"http:\/\/aptsd.pt\/?attachment_id=49\" class=\"wp-image-49\"\/><\/a><figcaption class=\"blocks-gallery-item__caption\">Sa Bom Nim Cristina Costa<\/figcaption><\/figure><\/li><li class=\"blocks-gallery-item\"><figure><a href=\"http:\/\/aptsd.pt\/?attachment_id=47\"><img loading=\"lazy\" decoding=\"async\" width=\"150\" height=\"150\" src=\"http:\/\/aptsd.pt\/wp-content\/uploads\/2019\/11\/Olimpiadas-do-Tang-Soo-Do-150x150.jpg\" alt=\"\" data-id=\"47\" data-full-url=\"http:\/\/aptsd.pt\/wp-content\/uploads\/2019\/11\/Olimpiadas-do-Tang-Soo-Do-scaled.jpg\" data-link=\"http:\/\/aptsd.pt\/?attachment_id=47\" class=\"wp-image-47\"\/><\/a><\/figure><\/li><li class=\"blocks-gallery-item\"><figure><a href=\"http:\/\/aptsd.pt\/?attachment_id=52\"><img loading=\"lazy\" decoding=\"async\" width=\"150\" height=\"150\" src=\"http:\/\/aptsd.pt\/wp-content\/uploads\/2019\/11\/Sede-Social-150x150.jpg\" alt=\"\" data-id=\"52\" data-full-url=\"http:\/\/aptsd.pt\/wp-content\/uploads\/2019\/11\/Sede-Social.jpg\" data-link=\"http:\/\/aptsd.pt\/?attachment_id=52\" class=\"wp-image-52\"\/><\/a><\/figure><\/li><li class=\"blocks-gallery-item\"><figure><a href=\"http:\/\/aptsd.pt\/?attachment_id=56\"><img loading=\"lazy\" decoding=\"async\" width=\"150\" height=\"150\" src=\"http:\/\/aptsd.pt\/wp-content\/uploads\/2019\/11\/Yupchagui-150x150.jpg\" alt=\"\" data-id=\"56\" data-full-url=\"http:\/\/aptsd.pt\/wp-content\/uploads\/2019\/11\/Yupchagui-scaled.jpg\" data-link=\"http:\/\/aptsd.pt\/?attachment_id=56\" class=\"wp-image-56\"\/><\/a><\/figure><\/li><li class=\"blocks-gallery-item\"><figure><a href=\"http:\/\/aptsd.pt\/?attachment_id=44\"><img loading=\"lazy\" decoding=\"async\" width=\"150\" height=\"150\" src=\"http:\/\/aptsd.pt\/wp-content\/uploads\/2019\/11\/lxi-203-03-150x150.jpg\" alt=\"\" data-id=\"44\" data-full-url=\"http:\/\/aptsd.pt\/wp-content\/uploads\/2019\/11\/lxi-203-03.jpg\" data-link=\"http:\/\/aptsd.pt\/?attachment_id=44\" class=\"wp-image-44\"\/><\/a><figcaption class=\"blocks-gallery-item__caption\">Lisboa<\/figcaption><\/figure><\/li><li class=\"blocks-gallery-item\"><figure><a href=\"http:\/\/aptsd.pt\/?attachment_id=39\"><img loading=\"lazy\" decoding=\"async\" width=\"150\" height=\"132\" src=\"http:\/\/aptsd.pt\/wp-content\/uploads\/2019\/11\/logo-APTSD-150x132.png\" alt=\"\" data-id=\"39\" data-full-url=\"http:\/\/aptsd.pt\/wp-content\/uploads\/2019\/11\/logo-APTSD.png\" data-link=\"http:\/\/aptsd.pt\/?attachment_id=39\" class=\"wp-image-39\"\/><\/a><figcaption class=\"blocks-gallery-item__caption\">APTSD &#8211; Associa\u00e7\u00e3o Portuguesa de Tang Soo Do<\/figcaption><\/figure><\/li><li class=\"blocks-gallery-item\"><figure><a href=\"http:\/\/aptsd.pt\/?attachment_id=37\"><img loading=\"lazy\" decoding=\"async\" width=\"150\" height=\"150\" src=\"http:\/\/aptsd.pt\/wp-content\/uploads\/2019\/11\/ITF-logo-150x150.png\" alt=\"\" data-id=\"37\" data-full-url=\"http:\/\/aptsd.pt\/wp-content\/uploads\/2019\/11\/ITF-logo.png\" data-link=\"http:\/\/aptsd.pt\/?attachment_id=37\" class=\"wp-image-37\"\/><\/a><figcaption class=\"blocks-gallery-item__caption\">International Tang Soo Do Federation<\/figcaption><\/figure><\/li><li class=\"blocks-gallery-item\"><figure><a href=\"http:\/\/aptsd.pt\/?attachment_id=38\"><img loading=\"lazy\" decoding=\"async\" width=\"150\" height=\"150\" src=\"http:\/\/aptsd.pt\/wp-content\/uploads\/2019\/11\/Lisbon-Dojang-1-150x150.jpg\" alt=\"\" data-id=\"38\" data-full-url=\"http:\/\/aptsd.pt\/wp-content\/uploads\/2019\/11\/Lisbon-Dojang-1.jpg\" data-link=\"http:\/\/aptsd.pt\/?attachment_id=38\" class=\"wp-image-38\"\/><\/a><\/figure><\/li><li class=\"blocks-gallery-item\"><figure><a href=\"http:\/\/aptsd.pt\/?attachment_id=32\"><img loading=\"lazy\" decoding=\"async\" width=\"150\" height=\"150\" src=\"http:\/\/aptsd.pt\/wp-content\/uploads\/2019\/11\/ITF-8-x-10-300dpi-Collage-150x150.jpg\" alt=\"\" data-id=\"32\" data-full-url=\"http:\/\/aptsd.pt\/wp-content\/uploads\/2019\/11\/ITF-8-x-10-300dpi-Collage.jpg\" data-link=\"http:\/\/aptsd.pt\/?attachment_id=32\" class=\"wp-image-32\"\/><\/a><\/figure><\/li><li class=\"blocks-gallery-item\"><figure><a href=\"http:\/\/aptsd.pt\/?attachment_id=29\"><img loading=\"lazy\" decoding=\"async\" width=\"150\" height=\"150\" src=\"http:\/\/aptsd.pt\/wp-content\/uploads\/2019\/11\/GI26072014ANGELOLUCAS_0014-150x150.jpg\" alt=\"\" data-id=\"29\" data-full-url=\"http:\/\/aptsd.pt\/wp-content\/uploads\/2019\/11\/GI26072014ANGELOLUCAS_0014-scaled.jpg\" data-link=\"http:\/\/aptsd.pt\/?attachment_id=29\" class=\"wp-image-29\"\/><\/a><figcaption class=\"blocks-gallery-item__caption\">Lisboa, 26\/07\/2014 &#8211; 13\u00ba Internacional \/ campeonato do mundo de Tang Soo Do, arte marcial origin\u00e1ria da Coreia, no Est\u00e1dio Universit\u00e1rio.\n \n\n(\u00c2ngelo Lucasl \/ Global Imagens )<\/figcaption><\/figure><\/li><li class=\"blocks-gallery-item\"><figure><a href=\"http:\/\/aptsd.pt\/?attachment_id=30\"><img loading=\"lazy\" decoding=\"async\" width=\"150\" height=\"150\" src=\"http:\/\/aptsd.pt\/wp-content\/uploads\/2019\/11\/GI26072014ANGELOLUCAS_0051-150x150.jpg\" alt=\"\" data-id=\"30\" data-full-url=\"http:\/\/aptsd.pt\/wp-content\/uploads\/2019\/11\/GI26072014ANGELOLUCAS_0051-scaled.jpg\" data-link=\"http:\/\/aptsd.pt\/?attachment_id=30\" class=\"wp-image-30\"\/><\/a><figcaption class=\"blocks-gallery-item__caption\">Lisboa, 26\/07\/2014 &#8211; 13\u00ba Internacional \/ campeonato do mundo de Tang Soo Do, arte marcial origin\u00e1ria da Coreia, no Est\u00e1dio Universit\u00e1rio.\nProva de figuras da equipa americana.\n \n\n(\u00c2ngelo Lucasl \/ Global Imagens )<\/figcaption><\/figure><\/li><li class=\"blocks-gallery-item\"><figure><a href=\"http:\/\/aptsd.pt\/?attachment_id=28\"><img loading=\"lazy\" decoding=\"async\" width=\"150\" height=\"150\" src=\"http:\/\/aptsd.pt\/wp-content\/uploads\/2019\/11\/GI26072014ANGELOLUCAS_0002-150x150.jpg\" alt=\"\" data-id=\"28\" data-full-url=\"http:\/\/aptsd.pt\/wp-content\/uploads\/2019\/11\/GI26072014ANGELOLUCAS_0002-scaled.jpg\" data-link=\"http:\/\/aptsd.pt\/?attachment_id=28\" class=\"wp-image-28\"\/><\/a><figcaption class=\"blocks-gallery-item__caption\">Lisboa, 26\/07\/2014 &#8211; 13\u00ba Internacional \/ campeonato do mundo de Tang Soo Do, arte marcial origin\u00e1ria da Coreia, no Est\u00e1dio Universit\u00e1rio.\n \n\n(\u00c2ngelo Lucasl \/ Global Imagens )<\/figcaption><\/figure><\/li><li class=\"blocks-gallery-item\"><figure><a href=\"http:\/\/aptsd.pt\/?attachment_id=27\"><img loading=\"lazy\" decoding=\"async\" width=\"150\" height=\"150\" src=\"http:\/\/aptsd.pt\/wp-content\/uploads\/2019\/11\/GI26072014ANGELOLUCAS_0001-150x150.jpg\" alt=\"\" data-id=\"27\" data-full-url=\"http:\/\/aptsd.pt\/wp-content\/uploads\/2019\/11\/GI26072014ANGELOLUCAS_0001-scaled.jpg\" data-link=\"http:\/\/aptsd.pt\/?attachment_id=27\" class=\"wp-image-27\"\/><\/a><figcaption class=\"blocks-gallery-item__caption\">Lisboa, 26\/07\/2014 &#8211; 13\u00ba Internacional \/ campeonato do mundo de Tang Soo Do, arte marcial origin\u00e1ria da Coreia, no Est\u00e1dio Universit\u00e1rio.\n \n\n(\u00c2ngelo Lucasl \/ Global Imagens )<\/figcaption><\/figure><\/li><li class=\"blocks-gallery-item\"><figure><a href=\"http:\/\/aptsd.pt\/?attachment_id=23\"><img loading=\"lazy\" decoding=\"async\" width=\"150\" height=\"150\" src=\"http:\/\/aptsd.pt\/wp-content\/uploads\/2019\/11\/festa-de-natal-2013_2-150x150.jpg\" alt=\"\" data-id=\"23\" data-full-url=\"http:\/\/aptsd.pt\/wp-content\/uploads\/2019\/11\/festa-de-natal-2013_2.jpg\" data-link=\"http:\/\/aptsd.pt\/?attachment_id=23\" class=\"wp-image-23\"\/><\/a><\/figure><\/li><li class=\"blocks-gallery-item\"><figure><a href=\"http:\/\/aptsd.pt\/?attachment_id=22\"><img loading=\"lazy\" decoding=\"async\" width=\"150\" height=\"150\" src=\"http:\/\/aptsd.pt\/wp-content\/uploads\/2019\/11\/festa-de-natal-2013_1-150x150.jpg\" alt=\"\" data-id=\"22\" data-full-url=\"http:\/\/aptsd.pt\/wp-content\/uploads\/2019\/11\/festa-de-natal-2013_1.jpg\" data-link=\"http:\/\/aptsd.pt\/?attachment_id=22\" class=\"wp-image-22\"\/><\/a><\/figure><\/li><li class=\"blocks-gallery-item\"><figure><a href=\"http:\/\/aptsd.pt\/?attachment_id=21\"><img loading=\"lazy\" decoding=\"async\" width=\"150\" height=\"150\" src=\"http:\/\/aptsd.pt\/wp-content\/uploads\/2019\/11\/DAN-Seminar-150x150.jpg\" alt=\"\" data-id=\"21\" data-full-url=\"http:\/\/aptsd.pt\/wp-content\/uploads\/2019\/11\/DAN-Seminar-scaled.jpg\" data-link=\"http:\/\/aptsd.pt\/?attachment_id=21\" class=\"wp-image-21\"\/><\/a><\/figure><\/li><li class=\"blocks-gallery-item\"><figure><a href=\"http:\/\/aptsd.pt\/?attachment_id=12\"><img loading=\"lazy\" decoding=\"async\" width=\"150\" height=\"150\" src=\"http:\/\/aptsd.pt\/wp-content\/uploads\/2019\/11\/859311_349912608446007_1465794134_o-150x150.jpg\" alt=\"\" data-id=\"12\" data-full-url=\"http:\/\/aptsd.pt\/wp-content\/uploads\/2019\/11\/859311_349912608446007_1465794134_o.jpg\" data-link=\"http:\/\/aptsd.pt\/?attachment_id=12\" class=\"wp-image-12\"\/><\/a><\/figure><\/li><li class=\"blocks-gallery-item\"><figure><a href=\"http:\/\/aptsd.pt\/?attachment_id=11\"><img loading=\"lazy\" decoding=\"async\" width=\"150\" height=\"150\" src=\"http:\/\/aptsd.pt\/wp-content\/uploads\/2019\/11\/856928_346983318738936_271434604_o-150x150.jpg\" alt=\"\" data-id=\"11\" data-full-url=\"http:\/\/aptsd.pt\/wp-content\/uploads\/2019\/11\/856928_346983318738936_271434604_o.jpg\" data-link=\"http:\/\/aptsd.pt\/?attachment_id=11\" class=\"wp-image-11\"\/><\/a><\/figure><\/li><li class=\"blocks-gallery-item\"><figure><a href=\"http:\/\/aptsd.pt\/?attachment_id=19\"><img loading=\"lazy\" decoding=\"async\" width=\"150\" height=\"118\" src=\"http:\/\/aptsd.pt\/wp-content\/uploads\/2019\/11\/CMLisboa-150x118.png\" alt=\"\" data-id=\"19\" data-full-url=\"http:\/\/aptsd.pt\/wp-content\/uploads\/2019\/11\/CMLisboa.png\" data-link=\"http:\/\/aptsd.pt\/?attachment_id=19\" class=\"wp-image-19\"\/><\/a><figcaption class=\"blocks-gallery-item__caption\">CML<\/figcaption><\/figure><\/li><\/ul><\/figure>\n\n\n\n<p><\/p>\n","protected":false},"excerpt":{"rendered":"<div class=\"mh-excerpt\"><\/div>","protected":false},"author":1,"featured_media":45,"parent":0,"menu_order":0,"comment_status":"closed","ping_status":"closed","template":"","meta":{"footnotes":""},"class_list":["post-163","page","type-page","status-publish","has-post-thumbnail","hentry"],"_links":{"self":[{"href":"https:\/\/aptsd.pt\/index.php?rest_route=\/wp\/v2\/pages\/163","targetHints":{"allow":["GET"]}}],"collection":[{"href":"https:\/\/aptsd.pt\/index.php?rest_route=\/wp\/v2\/pages"}],"about":[{"href":"https:\/\/aptsd.pt\/index.php?rest_route=\/wp\/v2\/types\/page"}],"author":[{"embeddable":true,"href":"https:\/\/aptsd.pt\/index.php?rest_route=\/wp\/v2\/users\/1"}],"replies":[{"embeddable":true,"href":"https:\/\/aptsd.pt\/index.php?rest_route=%2Fwp%2Fv2%2Fcomments&post=163"}],"version-history":[{"count":5,"href":"https:\/\/aptsd.pt\/index.php?rest_route=\/wp\/v2\/pages\/163\/revisions"}],"predecessor-version":[{"id":236,"href":"https:\/\/aptsd.pt\/index.php?rest_route=\/wp\/v2\/pages\/163\/revisions\/236"}],"wp:featuredmedia":[{"embeddable":true,"href":"https:\/\/aptsd.pt\/index.php?rest_route=\/wp\/v2\/media\/45"}],"wp:attachment":[{"href":"https:\/\/aptsd.pt\/index.php?rest_route=%2Fwp%2Fv2%2Fmedia&parent=163"}],"curies":[{"name":"wp","href":"https:\/\/api.w.org\/{rel}","templated":true}]}}