{"id":7,"date":"2019-11-18T16:22:58","date_gmt":"2019-11-18T16:22:58","guid":{"rendered":"http:\/\/aptsd.pt\/?page_id=7"},"modified":"2024-10-12T16:45:52","modified_gmt":"2024-10-12T15:45:52","slug":"about","status":"publish","type":"page","link":"https:\/\/aptsd.pt\/","title":{"rendered":"Pr\u00f3ximos Eventos de Tang Soo Do"},"content":{"rendered":"\n<h1 class=\"wp-block-heading\">2024<\/h1>\n\n\n\n<div class=\"wp-block-group is-nowrap is-layout-flex wp-container-core-group-is-layout-ad2f72ca wp-block-group-is-layout-flex\">\n<figure class=\"wp-block-image size-full is-resized\"><img loading=\"lazy\" decoding=\"async\" width=\"1024\" height=\"1024\" src=\"https:\/\/aptsd.pt\/wp-content\/uploads\/2024\/10\/image.jpeg\" alt=\"Esta imagem tem um texto alternativo em branco, o nome da imagem \u00e9 cropped-logo-1024x1024.jpg\" class=\"wp-image-356\" style=\"width:201px;height:auto\" srcset=\"https:\/\/aptsd.pt\/wp-content\/uploads\/2024\/10\/image.jpeg 1024w, https:\/\/aptsd.pt\/wp-content\/uploads\/2024\/10\/image-300x300.jpeg 300w, https:\/\/aptsd.pt\/wp-content\/uploads\/2024\/10\/image-150x150.jpeg 150w, https:\/\/aptsd.pt\/wp-content\/uploads\/2024\/10\/image-768x768.jpeg 768w\" sizes=\"auto, (max-width: 1024px) 100vw, 1024px\" \/><\/figure>\n\n\n\n<div class=\"wp-block-group\"><div class=\"wp-block-group__inner-container is-layout-constrained wp-block-group-is-layout-constrained\">\n<div class=\"wp-block-group\"><div class=\"wp-block-group__inner-container is-layout-constrained wp-block-group-is-layout-constrained\">\n<div class=\"wp-block-group wp-container-content-5f80b302\"><div class=\"wp-block-group__inner-container is-layout-constrained wp-block-group-is-layout-constrained\">\n<h1 class=\"wp-block-heading wp-container-content-69bc4bdf\">10 de Novembro de 2024<\/h1>\n\n\n\n<h2 class=\"wp-block-heading\">Campeonato Nacional de Tang Soo Do<\/h2>\n<\/div><\/div>\n\n\n\n<h3 class=\"wp-block-heading\">Pavilh\u00e3o Rainha D. Leonor &#8211; Caldas da Rainha<\/h3>\n<\/div><\/div>\n\n\n\n<p><a href=\"https:\/\/aptsd.pt\/?page_id=358\">P\u00e1gina do Campeonato (mais informa\u00e7\u00f5es)<\/a><\/p>\n<\/div><\/div>\n<\/div>\n\n\n\n<h1 class=\"wp-block-heading\">2025<\/h1>\n\n\n\n<div class=\"wp-block-group is-nowrap is-layout-flex wp-container-core-group-is-layout-ad2f72ca wp-block-group-is-layout-flex\">\n<figure class=\"wp-block-image size-full is-resized\"><img loading=\"lazy\" decoding=\"async\" width=\"206\" height=\"214\" src=\"http:\/\/aptsd.pt\/wp-content\/uploads\/2024\/10\/image.png\" alt=\"\" class=\"wp-image-355\" style=\"width:203px;height:auto\"\/><\/figure>\n\n\n\n<div class=\"wp-block-group\"><div class=\"wp-block-group__inner-container is-layout-constrained wp-block-group-is-layout-constrained\">\n<div class=\"wp-block-group\"><div class=\"wp-block-group__inner-container is-layout-constrained wp-block-group-is-layout-constrained\">\n<h1 class=\"wp-block-heading has-text-align-left\">24 a 27 de Julho de 2025<\/h1>\n\n\n\n<h2 class=\"wp-block-heading has-text-align-left\">Campeonato Mundial de Tang Soo Do<\/h2>\n\n\n\n<h3 class=\"wp-block-heading has-text-align-left\">Hotel Grand Hyatt -Washington DC &#8211; E.U.A.<\/h3>\n\n\n\n<p><a href=\"https:\/\/www.itftangsoodo.com\/17th-world-championship\">https:\/\/www.itftangsoodo.com\/17th-world-championship<\/a><\/p>\n<\/div><\/div>\n<\/div><\/div>\n<\/div>\n\n\n\n<div class=\"wp-block-group is-nowrap is-layout-flex wp-container-core-group-is-layout-ad2f72ca wp-block-group-is-layout-flex\">\n<figure class=\"wp-block-image size-large is-resized\"><img loading=\"lazy\" decoding=\"async\" width=\"1024\" height=\"1024\" src=\"http:\/\/aptsd.pt\/wp-content\/uploads\/2019\/11\/cropped-logo-1024x1024.jpg\" alt=\"\" class=\"wp-image-57\" style=\"width:196px;height:auto\" srcset=\"https:\/\/aptsd.pt\/wp-content\/uploads\/2019\/11\/cropped-logo-1024x1024.jpg 1024w, https:\/\/aptsd.pt\/wp-content\/uploads\/2019\/11\/cropped-logo-300x300.jpg 300w, https:\/\/aptsd.pt\/wp-content\/uploads\/2019\/11\/cropped-logo-150x150.jpg 150w, https:\/\/aptsd.pt\/wp-content\/uploads\/2019\/11\/cropped-logo-768x768.jpg 768w, https:\/\/aptsd.pt\/wp-content\/uploads\/2019\/11\/cropped-logo.jpg 1089w\" sizes=\"auto, (max-width: 1024px) 100vw, 1024px\" \/><\/figure>\n\n\n\n<div class=\"wp-block-group\"><div class=\"wp-block-group__inner-container is-layout-constrained wp-block-group-is-layout-constrained\">\n<div class=\"wp-block-group\"><div class=\"wp-block-group__inner-container is-layout-constrained wp-block-group-is-layout-constrained\">\n<div class=\"wp-block-group wp-container-content-5f80b302\"><div class=\"wp-block-group__inner-container is-layout-constrained wp-block-group-is-layout-constrained\">\n<h1 class=\"wp-block-heading wp-container-content-69bc4bdf\">8 de Novembro de 2025<\/h1>\n\n\n\n<h2 class=\"wp-block-heading\">Campeonato Nacional de Tang Soo Do<\/h2>\n<\/div><\/div>\n\n\n\n<h3 class=\"wp-block-heading\">Pavilh\u00e3o da Mata &#8211; Caldas da Rainha<\/h3>\n<\/div><\/div>\n<\/div><\/div>\n<\/div>\n\n\n\n<h1 class=\"wp-block-heading\">2026<\/h1>\n\n\n\n<div class=\"wp-block-group is-nowrap is-layout-flex wp-container-core-group-is-layout-ad2f72ca wp-block-group-is-layout-flex\">\n<figure class=\"wp-block-image size-full is-resized\"><img loading=\"lazy\" decoding=\"async\" width=\"2048\" height=\"1365\" src=\"http:\/\/aptsd.pt\/wp-content\/uploads\/2021\/11\/10431294_551961814907751_8452723991101432429_o.jpg\" alt=\"\" class=\"wp-image-189\" style=\"width:263px;height:auto\" srcset=\"https:\/\/aptsd.pt\/wp-content\/uploads\/2021\/11\/10431294_551961814907751_8452723991101432429_o.jpg 2048w, https:\/\/aptsd.pt\/wp-content\/uploads\/2021\/11\/10431294_551961814907751_8452723991101432429_o-300x200.jpg 300w, https:\/\/aptsd.pt\/wp-content\/uploads\/2021\/11\/10431294_551961814907751_8452723991101432429_o-1024x683.jpg 1024w, https:\/\/aptsd.pt\/wp-content\/uploads\/2021\/11\/10431294_551961814907751_8452723991101432429_o-768x512.jpg 768w, https:\/\/aptsd.pt\/wp-content\/uploads\/2021\/11\/10431294_551961814907751_8452723991101432429_o-1536x1024.jpg 1536w\" sizes=\"auto, (max-width: 2048px) 100vw, 2048px\" \/><\/figure>\n\n\n\n<div class=\"wp-block-group\"><div class=\"wp-block-group__inner-container is-layout-constrained wp-block-group-is-layout-constrained\">\n<div class=\"wp-block-group\"><div class=\"wp-block-group__inner-container is-layout-constrained wp-block-group-is-layout-constrained\">\n<div class=\"wp-block-group wp-container-content-5f80b302\"><div class=\"wp-block-group__inner-container is-layout-constrained wp-block-group-is-layout-constrained\">\n<h1 class=\"wp-block-heading wp-container-content-69bc4bdf\">26 de Julho de 2026<\/h1>\n\n\n\n<h2 class=\"wp-block-heading\">Campeonato Europeu de Tang Soo Do<\/h2>\n<\/div><\/div>\n\n\n\n<h3 class=\"wp-block-heading\">Pavilh\u00e3o do Casal Vistoso &#8211; Lisboa<\/h3>\n<\/div><\/div>\n<\/div><\/div>\n<\/div>\n\n\n\n<figure class=\"wp-block-image size-large\"><img loading=\"lazy\" decoding=\"async\" width=\"722\" height=\"1024\" src=\"http:\/\/aptsd.pt\/wp-content\/uploads\/2021\/11\/TangSooDo-venha-experimentar-722x1024.jpg\" alt=\"\" class=\"wp-image-232\" srcset=\"https:\/\/aptsd.pt\/wp-content\/uploads\/2021\/11\/TangSooDo-venha-experimentar-722x1024.jpg 722w, https:\/\/aptsd.pt\/wp-content\/uploads\/2021\/11\/TangSooDo-venha-experimentar-211x300.jpg 211w, https:\/\/aptsd.pt\/wp-content\/uploads\/2021\/11\/TangSooDo-venha-experimentar-768x1090.jpg 768w, https:\/\/aptsd.pt\/wp-content\/uploads\/2021\/11\/TangSooDo-venha-experimentar-1083x1536.jpg 1083w, https:\/\/aptsd.pt\/wp-content\/uploads\/2021\/11\/TangSooDo-venha-experimentar-1444x2048.jpg 1444w, https:\/\/aptsd.pt\/wp-content\/uploads\/2021\/11\/TangSooDo-venha-experimentar-scaled.jpg 1804w\" sizes=\"auto, (max-width: 722px) 100vw, 722px\" \/><figcaption class=\"wp-element-caption\">Venha experimentar o Tang Soo Do<\/figcaption><\/figure>\n\n\n\n<p>O <strong>Tang Soo Do<\/strong> (\u201cTang Su D\u00f4\u201d) \u00e9 uma arte marcial origin\u00e1ria da Coreia. Literalmente traduzido do Coreano significa: a arte de defesa e ataque com a m\u00e3o vazia e que re\u00fane atualmente praticantes por todo o mundo. Esta arte, al\u00e9m de promover a pr\u00e1tica de atividade f\u00edsica inerente \u00e0 maioria das artes marciais, promove tamb\u00e9m qualidades humanas como a autodisciplina, o respeito e a concentra\u00e7\u00e3o, qualidades associadas a um bom desempenho escolar e um saud\u00e1vel crescimento, sendo assim, n\u00e3o apenas um mero desporto de combate.<\/p>\n\n\n\n<p>O <em>Tang Soo Do<\/em> foi introduzido em Portugal em 2000 pela Mestre Cristina Costa, tendo-se desenvolvido inicialmente nas Caldas da Rainha. S\u00f3 em 2010, passou a ter um car\u00e1cter de associativismo com a cria\u00e7\u00e3o da Associa\u00e7\u00e3o Portuguesa de Tang So Do &#8211; APTSD, uma institui\u00e7\u00e3o sem fins lucrativos.<\/p>\n\n\n\n<p>Em 2014, a 13\u00aa edi\u00e7\u00e3o do Campeonato Mundial de Tang Soo Do, que reune bi-anualmente cerca de 1500 atletas de todo mundo, realizou-se pela primeira vez em Portugal, Lisboa.<\/p>\n\n\n\n<p>Mas para os seus praticantes o seu significado \u00e9 bem mais profundo. As filosofias e os aspectos t\u00e9cnicos do Tang Soo Do derivam principalmente de ensinamentos e sabedoria coreanos, sendo uma inestim\u00e1vel orienta\u00e7\u00e3o para um modo de vida em que o indiv\u00edduo desenvolve a sua disciplina f\u00edsica e espiritual, capacitando-o para viver virtuosamente e em harmonia consigo pr\u00f3prio e com o mundo em redor, defendendo afincadamente os conceitos de <strong>Responsabilidade, Honestidade e Justi\u00e7a<\/strong>, conforme o expressos nos seus mandamentos:<\/p>\n\n\n\n<figure class=\"wp-block-pullquote\"><blockquote><p><strong>10 MANDAMENTOS<\/strong><\/p><cite>Ser leal ao Pa\u00eds<br>Ser obediente aos pais<br>Ser amoroso entre marido e mulher<br>Ser cooperativo entre irm\u00e3os<br>Ser fiel aos amigos<br>Ser respeitador para com os mais velhos<br>Ser fiel entre professor e aluno<br>Saber diferenciar o bem do mal<br>Nunca retirar em batalha<br>Acabar sempre o que se come\u00e7a<\/cite><\/blockquote><\/figure>\n","protected":false},"excerpt":{"rendered":"<div class=\"mh-excerpt\"><p>2024 10 de Novembro de 2024 Campeonato Nacional de Tang Soo Do Pavilh\u00e3o Rainha D. Leonor &#8211; Caldas da Rainha P\u00e1gina do Campeonato (mais informa\u00e7\u00f5es) <a class=\"mh-excerpt-more\" href=\"https:\/\/aptsd.pt\/\" title=\"Pr\u00f3ximos Eventos de Tang Soo Do\">[&#8230;]<\/a><\/p>\n<\/div>","protected":false},"author":1,"featured_media":0,"parent":0,"menu_order":0,"comment_status":"closed","ping_status":"closed","template":"","meta":{"footnotes":""},"class_list":["post-7","page","type-page","status-publish","hentry"],"_links":{"self":[{"href":"https:\/\/aptsd.pt\/index.php?rest_route=\/wp\/v2\/pages\/7","targetHints":{"allow":["GET"]}}],"collection":[{"href":"https:\/\/aptsd.pt\/index.php?rest_route=\/wp\/v2\/pages"}],"about":[{"href":"https:\/\/aptsd.pt\/index.php?rest_route=\/wp\/v2\/types\/page"}],"author":[{"embeddable":true,"href":"https:\/\/aptsd.pt\/index.php?rest_route=\/wp\/v2\/users\/1"}],"replies":[{"embeddable":true,"href":"https:\/\/aptsd.pt\/index.php?rest_route=%2Fwp%2Fv2%2Fcomments&post=7"}],"version-history":[{"count":24,"href":"https:\/\/aptsd.pt\/index.php?rest_route=\/wp\/v2\/pages\/7\/revisions"}],"predecessor-version":[{"id":369,"href":"https:\/\/aptsd.pt\/index.php?rest_route=\/wp\/v2\/pages\/7\/revisions\/369"}],"wp:attachment":[{"href":"https:\/\/aptsd.pt\/index.php?rest_route=%2Fwp%2Fv2%2Fmedia&parent=7"}],"curies":[{"name":"wp","href":"https:\/\/api.w.org\/{rel}","templated":true}]}}